{"id":2530,"date":"2025-01-30T17:03:06","date_gmt":"2025-01-30T14:03:06","guid":{"rendered":"https:\/\/www.solarpatlayici.com\/en\/?page_id=2530"},"modified":"2025-01-31T18:32:36","modified_gmt":"2025-01-31T15:32:36","slug":"our-policies","status":"publish","type":"page","link":"https:\/\/www.solarpatlayici.com\/en\/our-policies\/","title":{"rendered":"Our Policies"},"content":{"rendered":"\t\t<div data-elementor-type=\"wp-page\" data-elementor-id=\"2530\" class=\"elementor elementor-2530\" data-elementor-post-type=\"page\">\n\t\t\t\t\t\t<section class=\"elementor-section elementor-top-section elementor-element elementor-element-2a52f5cd elementor-section-boxed elementor-section-height-default elementor-section-height-default\" data-id=\"2a52f5cd\" data-element_type=\"section\" data-e-type=\"section\" data-settings=\"{&quot;background_background&quot;:&quot;classic&quot;}\">\n\t\t\t\t\t\t\t<div class=\"elementor-background-overlay\"><\/div>\n\t\t\t\t\t\t\t<div class=\"elementor-container elementor-column-gap-default\">\n\t\t\t\t\t<div class=\"elementor-column elementor-col-100 elementor-top-column elementor-element elementor-element-7e4224cd\" data-id=\"7e4224cd\" data-element_type=\"column\" data-e-type=\"column\">\n\t\t\t<div class=\"elementor-widget-wrap elementor-element-populated\">\n\t\t\t\t\t\t<section class=\"elementor-section elementor-inner-section elementor-element elementor-element-c84e8c0 elementor-section-boxed elementor-section-height-default elementor-section-height-default\" data-id=\"c84e8c0\" data-element_type=\"section\" data-e-type=\"section\">\n\t\t\t\t\t\t<div class=\"elementor-container elementor-column-gap-default\">\n\t\t\t\t\t<div class=\"elementor-column elementor-col-50 elementor-inner-column elementor-element elementor-element-5e56c69c\" data-id=\"5e56c69c\" data-element_type=\"column\" data-e-type=\"column\">\n\t\t\t<div class=\"elementor-widget-wrap elementor-element-populated\">\n\t\t\t\t\t\t<div class=\"elementor-element elementor-element-7aa8974 elementor-widget elementor-widget-hub_fancy_heading\" data-id=\"7aa8974\" data-element_type=\"widget\" data-e-type=\"widget\" data-widget_type=\"hub_fancy_heading.default\">\n\t\t\t\t<div class=\"elementor-widget-container\">\n\t\t\t\t\t\n\t\t<div id=\"ld-fancy-heading-69e3541d81eff\" class=\"ld-fancy-heading pos-rel\">\n\t\t\t<h1 class=\"ld-fh-element d-inline-block pos-rel  elementor-heading-title lqd-highlight-classic lqd-highlight-grow-left h1\"  > Our Policies<\/h1>\t\t<\/div>\n\n\t\t\t\t\t\t<\/div>\n\t\t\t\t<\/div>\n\t\t\t\t<div class=\"elementor-element elementor-element-70d90eb3 elementor-widget elementor-widget-hub_fancy_heading\" data-id=\"70d90eb3\" data-element_type=\"widget\" data-e-type=\"widget\" data-widget_type=\"hub_fancy_heading.default\">\n\t\t\t\t<div class=\"elementor-widget-container\">\n\t\t\t\t\t\n\t\t<div id=\"ld-fancy-heading-69e3541d82b7d\" class=\"ld-fancy-heading pos-rel\">\n\t\t\t<h6 class=\"ld-fh-element d-inline-block pos-rel  elementor-heading-title lqd-highlight-classic lqd-highlight-grow-left h6\"  > Anasayfa &gt; De\u011ferlerimiz<\/h6>\t\t<\/div>\n\n\t\t\t\t\t\t<\/div>\n\t\t\t\t<\/div>\n\t\t\t\t\t<\/div>\n\t\t<\/div>\n\t\t\t\t<div class=\"elementor-column elementor-col-50 elementor-inner-column elementor-element elementor-element-2a41468a\" data-id=\"2a41468a\" data-element_type=\"column\" data-e-type=\"column\">\n\t\t\t<div class=\"elementor-widget-wrap elementor-element-populated\">\n\t\t\t\t\t\t<div class=\"elementor-element elementor-element-74771706 elementor-widget elementor-widget-hub_fancy_heading\" data-id=\"74771706\" data-element_type=\"widget\" data-e-type=\"widget\" data-widget_type=\"hub_fancy_heading.default\">\n\t\t\t\t<div class=\"elementor-widget-container\">\n\t\t\t\t\t\n\t\t<div id=\"ld-fancy-heading-69e3541d83418\" class=\"ld-fancy-heading pos-rel\">\n\t\t\t<p class=\"ld-fh-element d-inline-block pos-rel  lqd-highlight-classic lqd-highlight-grow-left p\"  > Solar Patlay\u0131c\u0131, g\u00fcvenli ve \u00e7evre dostu teknolojilerle, T\u00fcrkiye'nin h\u0131zla b\u00fcy\u00fcyen lider patlay\u0131c\u0131 firmas\u0131d\u0131r.<\/p>\t\t<\/div>\n\n\t\t\t\t\t\t<\/div>\n\t\t\t\t<\/div>\n\t\t\t\t\t<\/div>\n\t\t<\/div>\n\t\t\t\t\t<\/div>\n\t\t<\/section>\n\t\t\t\t\t<\/div>\n\t\t<\/div>\n\t\t\t\t\t<\/div>\n\t\t<\/section>\n\t\t<div class=\"elementor-element elementor-element-50bab66 e-flex e-con-boxed e-con e-parent\" data-id=\"50bab66\" data-element_type=\"container\" data-e-type=\"container\">\n\t\t\t\t\t<div class=\"e-con-inner\">\n\t\t<div class=\"elementor-element elementor-element-d2f1235 e-con-full e-flex e-con e-child\" data-id=\"d2f1235\" data-element_type=\"container\" data-e-type=\"container\">\n\t\t<div class=\"elementor-element elementor-element-4a354bb e-con-full e-flex e-con e-child\" data-id=\"4a354bb\" data-element_type=\"container\" data-e-type=\"container\">\n\t\t\t\t<div class=\"elementor-element elementor-element-36e6e6c1 elementor-widget-tablet__width-initial elementor-widget-mobile__width-inherit elementor-widget elementor-widget-hub_fancy_heading\" data-id=\"36e6e6c1\" data-element_type=\"widget\" data-e-type=\"widget\" data-widget_type=\"hub_fancy_heading.default\">\n\t\t\t\t<div class=\"elementor-widget-container\">\n\t\t\t\t\t\n\t\t<div id=\"ld-fancy-heading-69e3541d83ca9\" class=\"ld-fancy-heading pos-rel\">\n\t\t\t<h2 class=\"ld-fh-element d-inline-block pos-rel  elementor-heading-title lqd-highlight-classic lqd-highlight-grow-left h2\"  > Our People, Environment, and Safety-Oriented Policies for a Sustainable Future<\/h2>\t\t<\/div>\n\n\t\t\t\t\t\t<\/div>\n\t\t\t\t<\/div>\n\t\t\t\t<div class=\"elementor-element elementor-element-6d5cb610 elementor-widget-tablet__width-initial elementor-widget-mobile__width-inherit elementor-widget elementor-widget-hub_fancy_heading\" data-id=\"6d5cb610\" data-element_type=\"widget\" data-e-type=\"widget\" data-widget_type=\"hub_fancy_heading.default\">\n\t\t\t\t<div class=\"elementor-widget-container\">\n\t\t\t\t\t\n\t\t<div id=\"ld-fancy-heading-69e3541d84553\" class=\"ld-fancy-heading pos-rel\">\n\t\t\t<p class=\"ld-fh-element d-inline-block pos-rel  lqd-highlight-classic lqd-highlight-grow-left p\"  > As Solar Turkey, we are building a qualified and highly committed team with a human resources policy that values people and experience and is based on equal opportunities. In our environmental policy, we minimize the environmental impact of our activities, encourage the efficient use of resources for a sustainable future, and promote environmental awareness. With our health and safety policy, we ensure a safe working environment by taking proactive measures and prioritize the well-being of our employees through continuous improvement and training. With these three fundamental policies, we are investing in the future while considering both corporate sustainability and social values.\n<\/p>\t\t<\/div>\n\n\t\t\t\t\t\t<\/div>\n\t\t\t\t<\/div>\n\t\t\t\t<\/div>\n\t\t<div class=\"elementor-element elementor-element-1c95eec e-con-full e-flex e-con e-child\" data-id=\"1c95eec\" data-element_type=\"container\" data-e-type=\"container\">\n\t\t\t\t<div class=\"elementor-element elementor-element-2b7e0ae1 elementor-widget__width-inherit elementor-widget-tablet__width-inherit elementor-widget elementor-widget-ld_accordion\" data-id=\"2b7e0ae1\" data-element_type=\"widget\" data-e-type=\"widget\" data-widget_type=\"ld_accordion.default\">\n\t\t\t\t<div class=\"elementor-widget-container\">\n\t\t\t\t\t\n\t\t<div class=\"accordion accordion-title-bordered accordion-sm accordion-side-spacing accordion-title-bg-transparent accordion-title-circle accordion-active-has-shadow accordion-active-has-fill\" id=\"accordion-69e3541d8521a\" role=\"tablist\" aria-multiselectable=\"true\">\n\t\t\t\t\t\t\t\t\t\t\t\t<div class=\"accordion-item panel \">\n\n\t\t\t\t<div class=\"accordion-heading\" role=\"tab\" id=\"heading-7291\">\n\t\t\t\t<p class=\"accordion-title h4 tabindex=\"-1\">\t\t\t\t\t<a class=\"collapsed\" role=\"button\" data-toggle=\"collapse\" data-bs-toggle=\"collapse\"\n                    tabindex=\"0\"\n\t\t\t\t\tdata-parent=\"#accordion-69e3541d8521a\" data-bs-parent=\"#accordion-69e3541d8521a\" href=\"#collapse-7291\" data-target=\"#collapse-7291\" data-bs-target=\"#collapse-7291\"\n\t\t\t\t\taria-expanded=\"false\" aria-controls=\"collapse-7291\">\n\t\t\t\t\t\t\t\t\t\t\t\t<span class=\"accordion-title-txt\">Our Human Resources Policy<\/span>\n\t\t\t\t\t\t\t\t\t\t\t\t\t<span class=\"accordion-expander\"><i class=\"lqd-icn-ess icon-ion-ios-add\"><\/i><i class=\"lqd-icn-ess icon-ion-ios-remove\"><\/i><\/span>\t\t\t\t\t\t\t\t\t\t\t<\/a>\n\t\t\t\t<\/p>\t\t\t\t<\/div>\n\n\t\t\t\t<div id=\"collapse-7291\" class=\"accordion-collapse collapse \" data-bs-parent=\"#accordion-69e3541d8521a\" role=\"tabpanel\" aria-labelledby=\"heading-7291\">\n\n\t\t\t\t<div class=\"accordion-content\">\n\t\t\t\t\t<p>As Solar Turkey, we aim to achieve strategic growth by ensuring corporate sustainability in line with our vision, mission, principles, and values amid ever-changing environmental and economic conditions. We believe that the added value created by our qualified and highly committed team is essential for growth and success. Our human resources policy prioritizes people and experience, equal opportunity, employee participation in management, the encouragement of continuous development of knowledge and skills, and the maintenance of a culture of bait and constructive communication throughout all processes. Solar employees are not discriminated against based on race, religion, language, gender, or political opinion; our processes are designed with equal opportunity in mind.<\/p><p>As the Human Resources Directorate of Solar Turkey, under the leadership of executive management, we aim to attract talent that will drive our organization forward in the explosives sector, increase corporate loyalty, contribute to training and development, and operate within the scope of legal regulations. Decisions made by our Executive Board regarding human resources processes are integrated into operations with precision.<\/p>\t\t\t\t<\/div>\n\n\t\t\t\t<\/div>\n\n\t\t\t<\/div>\n\t\t\t\t\t\t\t\t\t<div class=\"accordion-item panel \">\n\n\t\t\t\t<div class=\"accordion-heading\" role=\"tab\" id=\"heading-7292\">\n\t\t\t\t<p class=\"accordion-title h4 tabindex=\"-1\">\t\t\t\t\t<a class=\"collapsed\" role=\"button\" data-toggle=\"collapse\" data-bs-toggle=\"collapse\"\n                    tabindex=\"0\"\n\t\t\t\t\tdata-parent=\"#accordion-69e3541d8521a\" data-bs-parent=\"#accordion-69e3541d8521a\" href=\"#collapse-7292\" data-target=\"#collapse-7292\" data-bs-target=\"#collapse-7292\"\n\t\t\t\t\taria-expanded=\"false\" aria-controls=\"collapse-7292\">\n\t\t\t\t\t\t\t\t\t\t\t\t<span class=\"accordion-title-txt\">Our Environmental and Social Policy<\/span>\n\t\t\t\t\t\t\t\t\t\t\t\t\t<span class=\"accordion-expander\"><i class=\"lqd-icn-ess icon-ion-ios-add\"><\/i><i class=\"lqd-icn-ess icon-ion-ios-remove\"><\/i><\/span>\t\t\t\t\t\t\t\t\t\t\t<\/a>\n\t\t\t\t<\/p>\t\t\t\t<\/div>\n\n\t\t\t\t<div id=\"collapse-7292\" class=\"accordion-collapse collapse \" data-bs-parent=\"#accordion-69e3541d8521a\" role=\"tabpanel\" aria-labelledby=\"heading-7292\">\n\n\t\t\t\t<div class=\"accordion-content\">\n\t\t\t\t\t<p>Our goals are;<\/p><p>To minimize our impact on the environment and to conduct projects that support sustainability in line with the health of our stakeholders and the life cycle approach.<\/p><p>To see the environment as a valuable treasure and to ensure that it is protected in the best way for future generations.<\/p><p>Being aware of our responsibilities towards all our stakeholders, seeing their values as our values, and protecting our cultural heritage.<\/p><p>Adhering to legal compliance in all of our activities.<\/p><p>Encouraging effective and efficient use of energy and resources.<\/p><p>To create an environmental awareness that includes all our stakeholders and to ensure the continuity of our environmental management system.\u00a0\u00a0<\/p>\t\t\t\t<\/div>\n\n\t\t\t\t<\/div>\n\n\t\t\t<\/div>\n\t\t\t\t\t\t\t\t\t<div class=\"accordion-item panel \">\n\n\t\t\t\t<div class=\"accordion-heading\" role=\"tab\" id=\"heading-7293\">\n\t\t\t\t<p class=\"accordion-title h4 tabindex=\"-1\">\t\t\t\t\t<a class=\"collapsed\" role=\"button\" data-toggle=\"collapse\" data-bs-toggle=\"collapse\"\n                    tabindex=\"0\"\n\t\t\t\t\tdata-parent=\"#accordion-69e3541d8521a\" data-bs-parent=\"#accordion-69e3541d8521a\" href=\"#collapse-7293\" data-target=\"#collapse-7293\" data-bs-target=\"#collapse-7293\"\n\t\t\t\t\taria-expanded=\"false\" aria-controls=\"collapse-7293\">\n\t\t\t\t\t\t\t\t\t\t\t\t<span class=\"accordion-title-txt\">Our Health and Safety Policy<\/span>\n\t\t\t\t\t\t\t\t\t\t\t\t\t<span class=\"accordion-expander\"><i class=\"lqd-icn-ess icon-ion-ios-add\"><\/i><i class=\"lqd-icn-ess icon-ion-ios-remove\"><\/i><\/span>\t\t\t\t\t\t\t\t\t\t\t<\/a>\n\t\t\t\t<\/p>\t\t\t\t<\/div>\n\n\t\t\t\t<div id=\"collapse-7293\" class=\"accordion-collapse collapse \" data-bs-parent=\"#accordion-69e3541d8521a\" role=\"tabpanel\" aria-labelledby=\"heading-7293\">\n\n\t\t\t\t<div class=\"accordion-content\">\n\t\t\t\t\t<p>Our goals are;<\/p><p>To create a safe working environment for our stakeholders and ensure its sustainability.<\/p><p>To encourage our stakeholders to contribute and improve our occupational health and safety management system.<\/p><p>To allocate appropriate resources to our occupational health and safety management system and to provide the necessary equipment, consultancy and audit opportunities.<\/p><p>To reduce all our risks by taking proactive measures, to carry out continuous improvement and development activities and to inform our stakeholders through training programs.<\/p><p>To create a safer working environment and a continuously improving occupational health and safety management system by taking legal requirements into account at all levels of our organization.<\/p>\t\t\t\t<\/div>\n\n\t\t\t\t<\/div>\n\n\t\t\t<\/div>\n\t\t\t\t\t\t\n\t\t<\/div>\n\n\t\t\t\t\t\t<\/div>\n\t\t\t\t<\/div>\n\t\t\t\t<\/div>\n\t\t\t\t<\/div>\n\t\t\t\t\t<\/div>\n\t\t\t\t<\/div>\n\t\t\t\t<\/div>\n\t\t","protected":false},"excerpt":{"rendered":"<p>Anasayfa &gt; De\u011ferlerimiz Solar Patlay\u0131c\u0131, g\u00fcvenli ve \u00e7evre dostu teknolojilerle, T\u00fcrkiye&#8217;nin h\u0131zla b\u00fcy\u00fcyen lider patlay\u0131c\u0131 firmas\u0131d\u0131r. Our People, Environment, and Safety-Oriented Policies for a Sustainable Future As Solar Turkey, we are building a qualified and highly committed team with a human resources policy that values people and experience and is based on equal opportunities. In [&hellip;]<\/p>\n","protected":false},"author":1,"featured_media":0,"parent":0,"menu_order":0,"comment_status":"closed","ping_status":"closed","template":"","meta":{"_acf_changed":false,"footnotes":""},"class_list":["post-2530","page","type-page","status-publish","hentry"],"acf":[],"_links":{"self":[{"href":"https:\/\/www.solarpatlayici.com\/en\/wp-json\/wp\/v2\/pages\/2530","targetHints":{"allow":["GET"]}}],"collection":[{"href":"https:\/\/www.solarpatlayici.com\/en\/wp-json\/wp\/v2\/pages"}],"about":[{"href":"https:\/\/www.solarpatlayici.com\/en\/wp-json\/wp\/v2\/types\/page"}],"author":[{"embeddable":true,"href":"https:\/\/www.solarpatlayici.com\/en\/wp-json\/wp\/v2\/users\/1"}],"replies":[{"embeddable":true,"href":"https:\/\/www.solarpatlayici.com\/en\/wp-json\/wp\/v2\/comments?post=2530"}],"version-history":[{"count":0,"href":"https:\/\/www.solarpatlayici.com\/en\/wp-json\/wp\/v2\/pages\/2530\/revisions"}],"wp:attachment":[{"href":"https:\/\/www.solarpatlayici.com\/en\/wp-json\/wp\/v2\/media?parent=2530"}],"curies":[{"name":"wp","href":"https:\/\/api.w.org\/{rel}","templated":true}]}}