{"id":2547,"date":"2025-01-31T14:39:16","date_gmt":"2025-01-31T11:39:16","guid":{"rendered":"https:\/\/www.solarpatlayici.com\/ru\/?page_id=2547"},"modified":"2025-03-03T13:50:37","modified_gmt":"2025-03-03T10:50:37","slug":"%d0%bd%d0%b0%d1%88%d0%b8-%d1%81%d0%b5%d1%80%d1%82%d0%b8%d1%84%d0%b8%d0%ba%d0%b0%d1%82%d1%8b","status":"publish","type":"page","link":"https:\/\/www.solarpatlayici.com\/ru\/%d0%bd%d0%b0%d1%88%d0%b8-%d1%81%d0%b5%d1%80%d1%82%d0%b8%d1%84%d0%b8%d0%ba%d0%b0%d1%82%d1%8b\/","title":{"rendered":"\u041d\u0430\u0448\u0438 \u0441\u0435\u0440\u0442\u0438\u0444\u0438\u043a\u0430\u0442\u044b"},"content":{"rendered":"\t\t<div data-elementor-type=\"wp-page\" data-elementor-id=\"2547\" class=\"elementor elementor-2547\" data-elementor-post-type=\"page\">\n\t\t\t\t\t\t<section class=\"elementor-section elementor-top-section elementor-element elementor-element-2a52f5cd elementor-section-boxed elementor-section-height-default elementor-section-height-default\" data-id=\"2a52f5cd\" data-element_type=\"section\" data-e-type=\"section\" data-settings=\"{&quot;background_background&quot;:&quot;classic&quot;}\">\n\t\t\t\t\t\t\t<div class=\"elementor-background-overlay\"><\/div>\n\t\t\t\t\t\t\t<div class=\"elementor-container elementor-column-gap-default\">\n\t\t\t\t\t<div class=\"elementor-column elementor-col-100 elementor-top-column elementor-element elementor-element-7e4224cd\" data-id=\"7e4224cd\" data-element_type=\"column\" data-e-type=\"column\">\n\t\t\t<div class=\"elementor-widget-wrap elementor-element-populated\">\n\t\t\t\t\t\t<section class=\"elementor-section elementor-inner-section elementor-element elementor-element-c84e8c0 elementor-section-boxed elementor-section-height-default elementor-section-height-default\" data-id=\"c84e8c0\" data-element_type=\"section\" data-e-type=\"section\">\n\t\t\t\t\t\t<div class=\"elementor-container elementor-column-gap-default\">\n\t\t\t\t\t<div class=\"elementor-column elementor-col-50 elementor-inner-column elementor-element elementor-element-5e56c69c\" data-id=\"5e56c69c\" data-element_type=\"column\" data-e-type=\"column\">\n\t\t\t<div class=\"elementor-widget-wrap elementor-element-populated\">\n\t\t\t\t\t\t<div class=\"elementor-element elementor-element-7aa8974 elementor-widget elementor-widget-hub_fancy_heading\" data-id=\"7aa8974\" data-element_type=\"widget\" data-e-type=\"widget\" data-widget_type=\"hub_fancy_heading.default\">\n\t\t\t\t<div class=\"elementor-widget-container\">\n\t\t\t\t\t\n\t\t<div id=\"ld-fancy-heading-69e34252a8bee\" class=\"ld-fancy-heading pos-rel\">\n\t\t\t<h1 class=\"ld-fh-element d-inline-block pos-rel  elementor-heading-title lqd-highlight-classic lqd-highlight-grow-left h1\"  > \u041d\u0430\u0448\u0438 \u0441\u0435\u0440\u0442\u0438\u0444\u0438\u043a\u0430\u0442\u044b<\/h1>\t\t<\/div>\n\n\t\t\t\t\t\t<\/div>\n\t\t\t\t<\/div>\n\t\t\t\t<div class=\"elementor-element elementor-element-70d90eb3 elementor-widget elementor-widget-hub_fancy_heading\" data-id=\"70d90eb3\" data-element_type=\"widget\" data-e-type=\"widget\" data-widget_type=\"hub_fancy_heading.default\">\n\t\t\t\t<div class=\"elementor-widget-container\">\n\t\t\t\t\t\n\t\t<div id=\"ld-fancy-heading-69e34252a95b1\" class=\"ld-fancy-heading pos-rel\">\n\t\t\t<h6 class=\"ld-fh-element d-inline-block pos-rel  elementor-heading-title lqd-highlight-classic lqd-highlight-grow-left h6\"  > \u0413\u043b\u0430\u0432\u043d\u0430\u044f \u0441\u0442\u0440\u0430\u043d\u0438\u0446\u0430 &gt; Sertifikalar\u0131m\u0131z<\/h6>\t\t<\/div>\n\n\t\t\t\t\t\t<\/div>\n\t\t\t\t<\/div>\n\t\t\t\t\t<\/div>\n\t\t<\/div>\n\t\t\t\t<div class=\"elementor-column elementor-col-50 elementor-inner-column elementor-element elementor-element-2a41468a\" data-id=\"2a41468a\" data-element_type=\"column\" data-e-type=\"column\">\n\t\t\t<div class=\"elementor-widget-wrap elementor-element-populated\">\n\t\t\t\t\t\t<div class=\"elementor-element elementor-element-74771706 elementor-widget elementor-widget-hub_fancy_heading\" data-id=\"74771706\" data-element_type=\"widget\" data-e-type=\"widget\" data-widget_type=\"hub_fancy_heading.default\">\n\t\t\t\t<div class=\"elementor-widget-container\">\n\t\t\t\t\t\n\t\t<div id=\"ld-fancy-heading-69e34252a9de6\" class=\"ld-fancy-heading pos-rel\">\n\t\t\t<p class=\"ld-fh-element d-inline-block pos-rel  lqd-highlight-classic lqd-highlight-grow-left p\"  > Patlay\u0131c\u0131 \u2014 \u044d\u0442\u043e \u0432\u0435\u0434\u0443\u0449\u0430\u044f \u043a\u043e\u043c\u043f\u0430\u043d\u0438\u044f \u043f\u043e \u043f\u0440\u043e\u0438\u0437\u0432\u043e\u0434\u0441\u0442\u0432\u0443 \u0432\u0437\u0440\u044b\u0432\u0447\u0430\u0442\u044b\u0445 \u0432\u0435\u0449\u0435\u0441\u0442\u0432 \u0432 \u0422\u0443\u0440\u0446\u0438\u0438, \u0431\u044b\u0441\u0442\u0440\u043e \u0440\u0430\u0441\u0442\u0443\u0449\u0430\u044f \u0438 \u0438\u0441\u043f\u043e\u043b\u044c\u0437\u0443\u044e\u0449\u0430\u044f \u0431\u0435\u0437\u043e\u043f\u0430\u0441\u043d\u044b\u0435 \u0438 \u044d\u043a\u043e\u043b\u043e\u0433\u0438\u0447\u0435\u0441\u043a\u0438 \u0447\u0438\u0441\u0442\u044b\u0435 \u0442\u0435\u0445\u043d\u043e\u043b\u043e\u0433\u0438\u0438.\n<\/p>\t\t<\/div>\n\n\t\t\t\t\t\t<\/div>\n\t\t\t\t<\/div>\n\t\t\t\t\t<\/div>\n\t\t<\/div>\n\t\t\t\t\t<\/div>\n\t\t<\/section>\n\t\t\t\t\t<\/div>\n\t\t<\/div>\n\t\t\t\t\t<\/div>\n\t\t<\/section>\n\t\t<div class=\"elementor-element elementor-element-66dc079 e-flex e-con-boxed e-con e-parent\" data-id=\"66dc079\" data-element_type=\"container\" data-e-type=\"container\">\n\t\t\t\t\t<div class=\"e-con-inner\">\n\t\t<div class=\"elementor-element elementor-element-4092e14 e-con-full e-flex e-con e-child\" data-id=\"4092e14\" data-element_type=\"container\" data-e-type=\"container\">\n\t\t\t\t<div class=\"elementor-element elementor-element-10a02ed elementor-widget__width-inherit elementor-widget elementor-widget-pdfjs-viewer\" data-id=\"10a02ed\" data-element_type=\"widget\" data-e-type=\"widget\" data-widget_type=\"pdfjs-viewer.default\">\n\t\t\t\t<div class=\"elementor-widget-container\">\n\t\t\t\t\t<iframe width=\"500\" height=\"650\" src=\"https:\/\/www.solarpatlayici.com\/ru\/wp-content\/plugins\/pdfjs-viewer-for-elementor\/\/assets\/js\/pdfjs\/web\/viewer.html?file=https:\/\/www.solarpatlayici.com\/ru\/wp-content\/uploads\/2025\/01\/screencapture-wixlabs-pdf-dev-appspot-index-2025-01-31-14_31_49.pdf\"><\/iframe>\t\t\t\t<\/div>\n\t\t\t\t<\/div>\n\t\t\t\t<\/div>\n\t\t<div class=\"elementor-element elementor-element-3bd829e e-con-full e-flex e-con e-child\" data-id=\"3bd829e\" data-element_type=\"container\" data-e-type=\"container\">\n\t\t\t\t<div class=\"elementor-element elementor-element-5a0fcb7 elementor-widget__width-inherit elementor-widget elementor-widget-pdfjs-viewer\" data-id=\"5a0fcb7\" data-element_type=\"widget\" data-e-type=\"widget\" data-widget_type=\"pdfjs-viewer.default\">\n\t\t\t\t<div class=\"elementor-widget-container\">\n\t\t\t\t\t<iframe width=\"500\" height=\"650\" src=\"https:\/\/www.solarpatlayici.com\/ru\/wp-content\/plugins\/pdfjs-viewer-for-elementor\/\/assets\/js\/pdfjs\/web\/viewer.html?file=https:\/\/www.solarpatlayici.com\/ru\/wp-content\/uploads\/2025\/01\/screencapture-wixlabs-pdf-dev-appspot-index-2025-01-31-14_32_34.pdf\"><\/iframe>\t\t\t\t<\/div>\n\t\t\t\t<\/div>\n\t\t\t\t<\/div>\n\t\t\t\t\t<\/div>\n\t\t\t\t<\/div>\n\t\t<div class=\"elementor-element elementor-element-1f3e412 e-flex e-con-boxed e-con e-parent\" data-id=\"1f3e412\" data-element_type=\"container\" data-e-type=\"container\">\n\t\t\t\t\t<div class=\"e-con-inner\">\n\t\t<div class=\"elementor-element elementor-element-8dccc1e e-con-full e-flex e-con e-child\" data-id=\"8dccc1e\" data-element_type=\"container\" data-e-type=\"container\">\n\t\t\t\t<div class=\"elementor-element elementor-element-edfe0e9 elementor-widget__width-inherit elementor-widget elementor-widget-pdfjs-viewer\" data-id=\"edfe0e9\" data-element_type=\"widget\" data-e-type=\"widget\" data-widget_type=\"pdfjs-viewer.default\">\n\t\t\t\t<div class=\"elementor-widget-container\">\n\t\t\t\t\t<iframe width=\"500\" height=\"650\" src=\"https:\/\/www.solarpatlayici.com\/ru\/wp-content\/plugins\/pdfjs-viewer-for-elementor\/\/assets\/js\/pdfjs\/web\/viewer.html?file=https:\/\/www.solarpatlayici.com\/ru\/wp-content\/uploads\/2025\/01\/screencapture-wixlabs-pdf-dev-appspot-index-2025-01-31-14_32_17.pdf\"><\/iframe>\t\t\t\t<\/div>\n\t\t\t\t<\/div>\n\t\t\t\t<\/div>\n\t\t<div class=\"elementor-element elementor-element-ef3e9cf e-con-full e-flex e-con e-child\" data-id=\"ef3e9cf\" data-element_type=\"container\" data-e-type=\"container\">\n\t\t\t\t<div class=\"elementor-element elementor-element-738855b elementor-widget__width-inherit elementor-widget elementor-widget-pdfjs-viewer\" data-id=\"738855b\" data-element_type=\"widget\" data-e-type=\"widget\" data-widget_type=\"pdfjs-viewer.default\">\n\t\t\t\t<div class=\"elementor-widget-container\">\n\t\t\t\t\t<iframe width=\"500\" height=\"650\" src=\"https:\/\/www.solarpatlayici.com\/ru\/wp-content\/plugins\/pdfjs-viewer-for-elementor\/\/assets\/js\/pdfjs\/web\/viewer.html?file=https:\/\/www.solarpatlayici.com\/ru\/wp-content\/uploads\/2025\/01\/screencapture-wixlabs-pdf-dev-appspot-index-2025-01-31-14_32_48.pdf\"><\/iframe>\t\t\t\t<\/div>\n\t\t\t\t<\/div>\n\t\t\t\t<\/div>\n\t\t\t\t\t<\/div>\n\t\t\t\t<\/div>\n\t\t<div class=\"elementor-element elementor-element-3f4f6fc e-flex e-con-boxed e-con e-parent\" data-id=\"3f4f6fc\" data-element_type=\"container\" data-e-type=\"container\">\n\t\t\t\t\t<div class=\"e-con-inner\">\n\t\t<div class=\"elementor-element elementor-element-07e88e7 e-con-full e-flex e-con e-child\" data-id=\"07e88e7\" data-element_type=\"container\" data-e-type=\"container\">\n\t\t\t\t<div class=\"elementor-element elementor-element-09f855a elementor-widget__width-inherit elementor-widget elementor-widget-pdfjs-viewer\" data-id=\"09f855a\" data-element_type=\"widget\" data-e-type=\"widget\" data-widget_type=\"pdfjs-viewer.default\">\n\t\t\t\t<div class=\"elementor-widget-container\">\n\t\t\t\t\t<iframe width=\"500\" height=\"430\" src=\"https:\/\/www.solarpatlayici.com\/ru\/wp-content\/plugins\/pdfjs-viewer-for-elementor\/\/assets\/js\/pdfjs\/web\/viewer.html?file=https:\/\/www.solarpatlayici.com\/ru\/wp-content\/uploads\/2025\/01\/screencapture-wixlabs-pdf-dev-appspot-index-2025-01-31-14_33_33.pdf\"><\/iframe>\t\t\t\t<\/div>\n\t\t\t\t<\/div>\n\t\t\t\t<\/div>\n\t\t<div class=\"elementor-element elementor-element-f06b793 e-con-full e-flex e-con e-child\" data-id=\"f06b793\" data-element_type=\"container\" data-e-type=\"container\">\n\t\t\t\t<div class=\"elementor-element elementor-element-71fdf31 elementor-widget__width-inherit elementor-widget elementor-widget-pdfjs-viewer\" data-id=\"71fdf31\" data-element_type=\"widget\" data-e-type=\"widget\" data-widget_type=\"pdfjs-viewer.default\">\n\t\t\t\t<div class=\"elementor-widget-container\">\n\t\t\t\t\t<iframe width=\"500\" height=\"430\" src=\"https:\/\/www.solarpatlayici.com\/ru\/wp-content\/plugins\/pdfjs-viewer-for-elementor\/\/assets\/js\/pdfjs\/web\/viewer.html?file=https:\/\/www.solarpatlayici.com\/ru\/wp-content\/uploads\/2025\/01\/screencapture-wixlabs-pdf-dev-appspot-index-2025-01-31-14_33_48.pdf\"><\/iframe>\t\t\t\t<\/div>\n\t\t\t\t<\/div>\n\t\t\t\t<\/div>\n\t\t<div class=\"elementor-element elementor-element-5f46101 e-con-full e-flex e-con e-child\" data-id=\"5f46101\" data-element_type=\"container\" data-e-type=\"container\">\n\t\t\t\t<div class=\"elementor-element elementor-element-ccae7e1 elementor-widget__width-inherit elementor-widget elementor-widget-pdfjs-viewer\" data-id=\"ccae7e1\" data-element_type=\"widget\" data-e-type=\"widget\" data-widget_type=\"pdfjs-viewer.default\">\n\t\t\t\t<div class=\"elementor-widget-container\">\n\t\t\t\t\t<iframe width=\"500\" height=\"430\" src=\"https:\/\/www.solarpatlayici.com\/ru\/wp-content\/plugins\/pdfjs-viewer-for-elementor\/\/assets\/js\/pdfjs\/web\/viewer.html?file=https:\/\/www.solarpatlayici.com\/ru\/wp-content\/uploads\/2025\/01\/screencapture-wixlabs-pdf-dev-appspot-index-2025-01-31-14_34_06.pdf\"><\/iframe>\t\t\t\t<\/div>\n\t\t\t\t<\/div>\n\t\t\t\t<\/div>\n\t\t\t\t\t<\/div>\n\t\t\t\t<\/div>\n\t\t\t\t<\/div>\n\t\t","protected":false},"excerpt":{"rendered":"<p>\u0413\u043b\u0430\u0432\u043d\u0430\u044f \u0441\u0442\u0440\u0430\u043d\u0438\u0446\u0430 &gt; Sertifikalar\u0131m\u0131z Patlay\u0131c\u0131 \u2014 \u044d\u0442\u043e \u0432\u0435\u0434\u0443\u0449\u0430\u044f \u043a\u043e\u043c\u043f\u0430\u043d\u0438\u044f \u043f\u043e \u043f\u0440\u043e\u0438\u0437\u0432\u043e\u0434\u0441\u0442\u0432\u0443 \u0432\u0437\u0440\u044b\u0432\u0447\u0430\u0442\u044b\u0445 \u0432\u0435\u0449\u0435\u0441\u0442\u0432 \u0432 \u0422\u0443\u0440\u0446\u0438\u0438, \u0431\u044b\u0441\u0442\u0440\u043e \u0440\u0430\u0441\u0442\u0443\u0449\u0430\u044f \u0438 \u0438\u0441\u043f\u043e\u043b\u044c\u0437\u0443\u044e\u0449\u0430\u044f \u0431\u0435\u0437\u043e\u043f\u0430\u0441\u043d\u044b\u0435 \u0438 \u044d\u043a\u043e\u043b\u043e\u0433\u0438\u0447\u0435\u0441\u043a\u0438 \u0447\u0438\u0441\u0442\u044b\u0435 \u0442\u0435\u0445\u043d\u043e\u043b\u043e\u0433\u0438\u0438.<\/p>\n","protected":false},"author":1,"featured_media":0,"parent":0,"menu_order":0,"comment_status":"closed","ping_status":"closed","template":"","meta":{"_acf_changed":false,"footnotes":""},"class_list":["post-2547","page","type-page","status-publish","hentry"],"acf":[],"_links":{"self":[{"href":"https:\/\/www.solarpatlayici.com\/ru\/wp-json\/wp\/v2\/pages\/2547","targetHints":{"allow":["GET"]}}],"collection":[{"href":"https:\/\/www.solarpatlayici.com\/ru\/wp-json\/wp\/v2\/pages"}],"about":[{"href":"https:\/\/www.solarpatlayici.com\/ru\/wp-json\/wp\/v2\/types\/page"}],"author":[{"embeddable":true,"href":"https:\/\/www.solarpatlayici.com\/ru\/wp-json\/wp\/v2\/users\/1"}],"replies":[{"embeddable":true,"href":"https:\/\/www.solarpatlayici.com\/ru\/wp-json\/wp\/v2\/comments?post=2547"}],"version-history":[{"count":0,"href":"https:\/\/www.solarpatlayici.com\/ru\/wp-json\/wp\/v2\/pages\/2547\/revisions"}],"wp:attachment":[{"href":"https:\/\/www.solarpatlayici.com\/ru\/wp-json\/wp\/v2\/media?parent=2547"}],"curies":[{"name":"wp","href":"https:\/\/api.w.org\/{rel}","templated":true}]}}